{"id":2,"date":"2024-08-13T13:49:33","date_gmt":"2024-08-13T16:49:33","guid":{"rendered":"https:\/\/www.aj.cl\/intranet\/?page_id=2"},"modified":"2024-09-09T14:19:45","modified_gmt":"2024-09-09T17:19:45","slug":"pagina-de-ejemplo","status":"publish","type":"page","link":"https:\/\/www.aj.cl\/intranet\/","title":{"rendered":""},"content":{"rendered":"\n<h1 class=\"wp-block-heading has-text-align-center has-x-large-font-size\"><strong>BIENVENIDOS A NUESTRA INTRANET<\/strong><\/h1>\n\n\n\n<p><\/p>\n\n\n\n<p class=\"has-text-align-left\" style=\"font-style:normal;font-weight:400\">AJ CORP ha querido implementar una intranet para sus colaboradores con el objetivo de <strong> <\/strong>conseguir mejorar la comunicaci\u00f3n interna y simplificar \u00e9sta, al&nbsp;tener&nbsp;una \u00fanica fuente central&nbsp;de&nbsp;informaci\u00f3n.<\/p>\n\n\n\n<p class=\"has-text-align-left\" style=\"font-style:normal;font-weight:400\">Aqu\u00ed podr\u00e1s acceder a informaci\u00f3n relevante de nuestra organizaci\u00f3n, como datos, documentos y recursos de inter\u00e9s, adem\u00e1s de herramientas que te permitir\u00e1n realizar de forma r\u00e1pida y simple cualquier tr\u00e1mite interno.<\/p>\n\n\n\n<p class=\"has-text-align-left\" style=\"font-style:normal;font-weight:400\">Esperamos tu aporte o sugerencia para seguir mejorando. Bienvenidos.<\/p>\n\n\n\n<div style=\"height:66px\" aria-hidden=\"true\" class=\"wp-block-spacer\"><\/div>\n\n\n\n<div class=\"wp-block-columns alignwide is-layout-flex wp-container-core-columns-is-layout-d2da2050 wp-block-columns-is-layout-flex\" style=\"margin-bottom:0\">\n<div class=\"wp-block-column has-text-color has-background has-link-color wp-elements-b8d7808bed098b748fba9be1fdc10bb3 is-layout-flow wp-block-column-is-layout-flow\" style=\"color:#000000;background-color:#f6f6f6;padding-top:2em;padding-right:2em;padding-bottom:2em;padding-left:2em\">\n<h2 class=\"wp-block-heading\" id=\"single\" style=\"font-size:clamp(24.034px, 1.502rem + ((1vw - 3.2px) * 0.974), 40px);\"><\/h2>\n\n\n\n<figure class=\"wp-block-image size-large\"><img fetchpriority=\"high\" decoding=\"async\" width=\"1024\" height=\"683\" src=\"https:\/\/www.aj.cl\/intranet\/wp-content\/uploads\/2024\/08\/person-suffering-from-bullying-1-1024x683.jpg\" alt=\"\" class=\"wp-image-56\" srcset=\"https:\/\/www.aj.cl\/intranet\/wp-content\/uploads\/2024\/08\/person-suffering-from-bullying-1-1024x683.jpg 1024w, https:\/\/www.aj.cl\/intranet\/wp-content\/uploads\/2024\/08\/person-suffering-from-bullying-1-300x200.jpg 300w, https:\/\/www.aj.cl\/intranet\/wp-content\/uploads\/2024\/08\/person-suffering-from-bullying-1-768x512.jpg 768w, https:\/\/www.aj.cl\/intranet\/wp-content\/uploads\/2024\/08\/person-suffering-from-bullying-1-1536x1024.jpg 1536w, https:\/\/www.aj.cl\/intranet\/wp-content\/uploads\/2024\/08\/person-suffering-from-bullying-1-2048x1365.jpg 2048w, https:\/\/www.aj.cl\/intranet\/wp-content\/uploads\/2024\/08\/person-suffering-from-bullying-1-850x567.jpg 850w\" sizes=\"(max-width: 1024px) 100vw, 1024px\" \/><\/figure>\n\n\n\n<p class=\"has-normal-font-size\" style=\"line-height:1.5\"><strong>Ley Karin<\/strong><\/p>\n\n\n\n<hr class=\"wp-block-separator has-text-color has-css-opacity has-background is-style-wide\" style=\"background-color:#000000;color:#000000\"\/>\n\n\n\n<p class=\"has-normal-font-size\">El Congreso chileno despach\u00f3, en diciembre de 2023, una nueva legislaci\u00f3n para enfrentar los casos, de acoso y violencia en contra de los trabajadores en sus espacios laborales.<\/p>\n\n\n\n<div class=\"wp-block-buttons alignfull is-horizontal is-content-justification-center is-layout-flex wp-container-core-buttons-is-layout-03627597 wp-block-buttons-is-layout-flex\">\n<div class=\"wp-block-button has-custom-width wp-block-button__width-100\"><a class=\"wp-block-button__link has-white-color has-text-color has-background no-border-radius wp-element-button\" href=\"https:\/\/www.aj.cl\/intranet\/2024\/08\/14\/ley-karin\/\" style=\"background-color:#000000\">Ver M\u00e1s<\/a><\/div>\n<\/div>\n<\/div>\n\n\n\n<div class=\"wp-block-column has-text-color has-background has-link-color wp-elements-94374d49e7a9092183bc6389e94a6d49 is-layout-flow wp-block-column-is-layout-flow\" style=\"color:#000000;background-color:#f6f6f6;padding-top:2em;padding-right:2em;padding-bottom:2em;padding-left:2em\">\n<h2 class=\"wp-block-heading\" id=\"family\" style=\"font-size:clamp(24.034px, 1.502rem + ((1vw - 3.2px) * 0.974), 40px);\"><\/h2>\n\n\n\n<figure class=\"wp-block-image size-large\"><img decoding=\"async\" width=\"1024\" height=\"683\" src=\"https:\/\/www.aj.cl\/intranet\/wp-content\/uploads\/2024\/08\/person-suffering-from-bullying-2-1024x683.jpg\" alt=\"\" class=\"wp-image-95\" srcset=\"https:\/\/www.aj.cl\/intranet\/wp-content\/uploads\/2024\/08\/person-suffering-from-bullying-2-1024x683.jpg 1024w, https:\/\/www.aj.cl\/intranet\/wp-content\/uploads\/2024\/08\/person-suffering-from-bullying-2-300x200.jpg 300w, https:\/\/www.aj.cl\/intranet\/wp-content\/uploads\/2024\/08\/person-suffering-from-bullying-2-768x512.jpg 768w, https:\/\/www.aj.cl\/intranet\/wp-content\/uploads\/2024\/08\/person-suffering-from-bullying-2-1536x1024.jpg 1536w, https:\/\/www.aj.cl\/intranet\/wp-content\/uploads\/2024\/08\/person-suffering-from-bullying-2-2048x1365.jpg 2048w, https:\/\/www.aj.cl\/intranet\/wp-content\/uploads\/2024\/08\/person-suffering-from-bullying-2-850x567.jpg 850w\" sizes=\"(max-width: 1024px) 100vw, 1024px\" \/><\/figure>\n\n\n\n<p class=\"has-normal-font-size\" style=\"line-height:1.5\"><strong>Formulario de Denuncias<\/strong><\/p>\n\n\n\n<hr class=\"wp-block-separator has-css-opacity is-style-wide\"\/>\n\n\n\n<p>AJ Corp pensando en el bienestar de sus colaboradores ha querido implementar un formulario de denuncias, a trav\u00e9s de \u00e9ste podr\u00e1s dar a conocer la situaci\u00f3n que atraviesas y obtener ayuda.<\/p>\n\n\n\n<div class=\"wp-block-buttons alignfull is-horizontal is-content-justification-center is-layout-flex wp-container-core-buttons-is-layout-03627597 wp-block-buttons-is-layout-flex\">\n<div class=\"wp-block-button has-custom-width wp-block-button__width-100 is-style-fill\"><a class=\"wp-block-button__link has-white-color has-text-color has-background no-border-radius wp-element-button\" href=\"https:\/\/www.aj.cl\/intranet\/formulario-de-denuncia\/\" style=\"background-color:#000000\">Ver M\u00e1s<\/a><\/div>\n<\/div>\n<\/div>\n\n\n\n<div class=\"wp-block-column has-text-color has-background has-link-color wp-elements-772f0bde18c6e91eaef267dad7bcb660 is-layout-flow wp-block-column-is-layout-flow\" style=\"color:#000000;background-color:#f6f6f6;padding-top:2em;padding-right:2em;padding-bottom:2em;padding-left:2em\">\n<h2 class=\"wp-block-heading\" id=\"patron\" style=\"font-size:clamp(24.034px, 1.502rem + ((1vw - 3.2px) * 0.974), 40px);\"><\/h2>\n\n\n\n<figure class=\"wp-block-image size-large\"><img decoding=\"async\" width=\"1024\" height=\"683\" src=\"https:\/\/www.aj.cl\/intranet\/wp-content\/uploads\/2024\/08\/female-rehab-doctor-consoling-male-patient-1024x683.jpg\" alt=\"\" class=\"wp-image-158\" srcset=\"https:\/\/www.aj.cl\/intranet\/wp-content\/uploads\/2024\/08\/female-rehab-doctor-consoling-male-patient-1024x683.jpg 1024w, https:\/\/www.aj.cl\/intranet\/wp-content\/uploads\/2024\/08\/female-rehab-doctor-consoling-male-patient-300x200.jpg 300w, https:\/\/www.aj.cl\/intranet\/wp-content\/uploads\/2024\/08\/female-rehab-doctor-consoling-male-patient-768x512.jpg 768w, https:\/\/www.aj.cl\/intranet\/wp-content\/uploads\/2024\/08\/female-rehab-doctor-consoling-male-patient-1536x1024.jpg 1536w, https:\/\/www.aj.cl\/intranet\/wp-content\/uploads\/2024\/08\/female-rehab-doctor-consoling-male-patient-2048x1365.jpg 2048w, https:\/\/www.aj.cl\/intranet\/wp-content\/uploads\/2024\/08\/female-rehab-doctor-consoling-male-patient-850x567.jpg 850w\" sizes=\"(max-width: 1024px) 100vw, 1024px\" \/><\/figure>\n\n\n\n<p class=\"has-normal-font-size\"><strong>Red de Orientaci\u00f3n<\/strong><\/p>\n\n\n\n<hr class=\"wp-block-separator has-css-opacity is-style-wide\"\/>\n\n\n\n<p>Conoce cu\u00e1les son las etapas que contempla una denuncia por acoso laboral y la red de orientaci\u00f3n que puedes encontrar dentro de la empresa.<\/p>\n\n\n\n<div class=\"wp-block-buttons alignfull is-horizontal is-content-justification-center is-layout-flex wp-container-core-buttons-is-layout-03627597 wp-block-buttons-is-layout-flex\">\n<div class=\"wp-block-button has-custom-width wp-block-button__width-100\"><a class=\"wp-block-button__link has-white-color has-text-color has-background no-border-radius wp-element-button\" href=\"#\" style=\"background-color:#000000\">Ver M\u00e1s<\/a><\/div>\n<\/div>\n<\/div>\n<\/div>\n\n\n\n<figure class=\"wp-block-image size-full\"><a href=\"https:\/\/www.aj.cl\/intranet\/formulario-de-denuncia\/\"><img loading=\"lazy\" decoding=\"async\" width=\"850\" height=\"299\" src=\"https:\/\/www.aj.cl\/intranet\/wp-content\/uploads\/2024\/08\/BANNER_Mesa-de-trabajo-1.jpg\" alt=\"\" class=\"wp-image-85\" srcset=\"https:\/\/www.aj.cl\/intranet\/wp-content\/uploads\/2024\/08\/BANNER_Mesa-de-trabajo-1.jpg 850w, https:\/\/www.aj.cl\/intranet\/wp-content\/uploads\/2024\/08\/BANNER_Mesa-de-trabajo-1-300x106.jpg 300w, https:\/\/www.aj.cl\/intranet\/wp-content\/uploads\/2024\/08\/BANNER_Mesa-de-trabajo-1-768x270.jpg 768w\" sizes=\"(max-width: 850px) 100vw, 850px\" \/><\/a><\/figure>\n\n\n\n<div style=\"height:100px\" aria-hidden=\"true\" class=\"wp-block-spacer\"><\/div>\n\n\n\n<p><\/p>\n","protected":false},"excerpt":{"rendered":"<p>BIENVENIDOS A NUESTRA INTRANET AJ CORP ha querido implementar una intranet para sus colaboradores con el objetivo de conseguir mejorar la comunicaci\u00f3n interna y simplificar \u00e9sta, al&nbsp;tener&nbsp;una \u00fanica fuente central&nbsp;de&nbsp;informaci\u00f3n. Aqu\u00ed podr\u00e1s acceder a informaci\u00f3n relevante de nuestra organizaci\u00f3n, como datos, documentos y recursos de inter\u00e9s, adem\u00e1s de herramientas que te permitir\u00e1n realizar de forma&#8230;<\/p>\n","protected":false},"author":1,"featured_media":0,"parent":0,"menu_order":0,"comment_status":"closed","ping_status":"open","template":"templates\/full-width.php","meta":{"footnotes":""},"class_list":["post-2","page","type-page","status-publish","hentry"],"_links":{"self":[{"href":"https:\/\/www.aj.cl\/intranet\/wp-json\/wp\/v2\/pages\/2","targetHints":{"allow":["GET"]}}],"collection":[{"href":"https:\/\/www.aj.cl\/intranet\/wp-json\/wp\/v2\/pages"}],"about":[{"href":"https:\/\/www.aj.cl\/intranet\/wp-json\/wp\/v2\/types\/page"}],"author":[{"embeddable":true,"href":"https:\/\/www.aj.cl\/intranet\/wp-json\/wp\/v2\/users\/1"}],"replies":[{"embeddable":true,"href":"https:\/\/www.aj.cl\/intranet\/wp-json\/wp\/v2\/comments?post=2"}],"version-history":[{"count":34,"href":"https:\/\/www.aj.cl\/intranet\/wp-json\/wp\/v2\/pages\/2\/revisions"}],"predecessor-version":[{"id":177,"href":"https:\/\/www.aj.cl\/intranet\/wp-json\/wp\/v2\/pages\/2\/revisions\/177"}],"wp:attachment":[{"href":"https:\/\/www.aj.cl\/intranet\/wp-json\/wp\/v2\/media?parent=2"}],"curies":[{"name":"wp","href":"https:\/\/api.w.org\/{rel}","templated":true}]}}