{"id":48,"date":"2024-08-13T15:35:18","date_gmt":"2024-08-13T18:35:18","guid":{"rendered":"https:\/\/www.aj.cl\/intranet\/?page_id=48"},"modified":"2024-08-23T12:41:01","modified_gmt":"2024-08-23T15:41:01","slug":"formulario-de-denuncia","status":"publish","type":"page","link":"https:\/\/www.aj.cl\/intranet\/ley-karin\/formulario-de-denuncia\/","title":{"rendered":"Formulario de Denuncia"},"content":{"rendered":"\n<p>Mediante esta v\u00eda usted como trabajador podr\u00e1 dejar constancia de alguna situaci\u00f3n que le haya resultado incomoda o bien se haya sentido menoscabado o abusado de alguna manera. Como gu\u00eda r\u00e1pida para este formulario solo debe saber 3 cosas: <\/p>\n\n\n\n<ul class=\"wp-block-list\">\n<li>Debe identificarse<\/li>\n\n\n\n<li>Debe indicar con quien tuvo el problema. <\/li>\n\n\n\n<li>Debe describir la circunstancia para darle contexto al problema o situaci\u00f3n incomoda que vivi\u00f3. <\/li>\n<\/ul>\n\n\n\n<p>Para tu tranquilidad como trabajador, este formulario solo ser\u00e1 revisado por personas competentes de la empresa que conforman nuestro comit\u00e9 de investigaci\u00f3n para que situaciones como la que viviste no se vuelvan a repetir. Te saluda Comit\u00e9 de Vigilancia y Prevenci\u00f3n de Acoso. AJ INGENIEROS S.A.<\/p>\n\n\n\n<div class=\"wp-block-columns is-layout-flex wp-container-core-columns-is-layout-28f84493 wp-block-columns-is-layout-flex\">\n<div class=\"wp-block-column is-layout-flow wp-block-column-is-layout-flow\"><style id=\"wpforms-css-vars-45-block-b3016918-0305-43c8-bb49-a9ce4d52cac5\">\n\t\t\t\t#wpforms-45.wpforms-block-b3016918-0305-43c8-bb49-a9ce4d52cac5 {\n\t\t\t\t--wpforms-field-size-input-height: 43px;\n--wpforms-field-size-input-spacing: 15px;\n--wpforms-field-size-font-size: 16px;\n--wpforms-field-size-line-height: 19px;\n--wpforms-field-size-padding-h: 14px;\n--wpforms-field-size-checkbox-size: 16px;\n--wpforms-field-size-sublabel-spacing: 5px;\n--wpforms-field-size-icon-size: 1;\n--wpforms-label-size-font-size: 16px;\n--wpforms-label-size-line-height: 19px;\n--wpforms-label-size-sublabel-font-size: 14px;\n--wpforms-label-size-sublabel-line-height: 17px;\n--wpforms-button-size-font-size: 17px;\n--wpforms-button-size-height: 41px;\n--wpforms-button-size-padding-h: 15px;\n--wpforms-button-size-margin-top: 10px;\n\t\t\t}\n\t\t\t<\/style><div class=\"wpforms-container wpforms-container-full wpforms-block wpforms-block-b3016918-0305-43c8-bb49-a9ce4d52cac5 wpforms-render-modern\" id=\"wpforms-45\"><form id=\"wpforms-form-45\" class=\"wpforms-validate wpforms-form wpforms-ajax-form\" data-formid=\"45\" method=\"post\" enctype=\"multipart\/form-data\" action=\"\/intranet\/wp-json\/wp\/v2\/pages\/48\" data-token=\"454d7f3e0a6ed79bdf772902ba104bc9\" data-token-time=\"1776217828\"><div class=\"wpforms-head-container\"><div class=\"wpforms-description\">A trav\u00e9s de este formulario puedes ingresar tu denuncia, recuerda tener claras las acciones que son constituyentes de acoso laboral seg\u00fan la Ley Karin.<\/div><\/div><noscript class=\"wpforms-error-noscript\">Por favor, activa JavaScript en tu navegador para completar este formulario.<\/noscript><div id=\"wpforms-error-noscript\" style=\"display: none;\">Por favor, activa JavaScript en tu navegador para completar este formulario.<\/div><div class=\"wpforms-field-container\"><div id=\"wpforms-45-field_1-container\" class=\"wpforms-field wpforms-field-name\" data-field-id=\"1\"><fieldset><legend class=\"wpforms-field-label\">Nombre <span class=\"wpforms-required-label\" aria-hidden=\"true\">*<\/span><\/legend><div class=\"wpforms-field-row wpforms-field-medium\"><div class=\"wpforms-field-row-block wpforms-first wpforms-one-half\"><input type=\"text\" id=\"wpforms-45-field_1\" class=\"wpforms-field-name-first wpforms-field-required\" name=\"wpforms[fields][1][first]\" aria-errormessage=\"wpforms-45-field_1-error\" required><label for=\"wpforms-45-field_1\" class=\"wpforms-field-sublabel after\">Nombre<\/label><\/div><div class=\"wpforms-field-row-block wpforms-one-half\"><input type=\"text\" id=\"wpforms-45-field_1-last\" class=\"wpforms-field-name-last wpforms-field-required\" name=\"wpforms[fields][1][last]\" aria-errormessage=\"wpforms-45-field_1-last-error\" required><label for=\"wpforms-45-field_1-last\" class=\"wpforms-field-sublabel after\">Apellidos<\/label><\/div><\/div><\/fieldset><\/div><div id=\"wpforms-45-field_2-container\" class=\"wpforms-field wpforms-field-email\" data-field-id=\"2\"><label class=\"wpforms-field-label\" for=\"wpforms-45-field_2\">Correo Personal (No Corporativo) <span class=\"wpforms-required-label\" aria-hidden=\"true\">*<\/span><\/label><input type=\"email\" id=\"wpforms-45-field_2\" class=\"wpforms-field-medium wpforms-field-required\" name=\"wpforms[fields][2]\" spellcheck=\"false\" aria-errormessage=\"wpforms-45-field_2-error\" required><\/div><div id=\"wpforms-45-field_8-container\" class=\"wpforms-field wpforms-field-radio\" data-field-id=\"8\"><fieldset><legend class=\"wpforms-field-label\">Empresa del holding a la que perteneces<\/legend><ul id=\"wpforms-45-field_8\"><li class=\"choice-1 depth-1\"><input type=\"radio\" id=\"wpforms-45-field_8_1\" name=\"wpforms[fields][8]\" value=\"AJ Ingenieros\" aria-errormessage=\"wpforms-45-field_8_1-error\"  ><label class=\"wpforms-field-label-inline\" for=\"wpforms-45-field_8_1\">AJ Ingenieros<\/label><\/li><li class=\"choice-3 depth-1\"><input type=\"radio\" id=\"wpforms-45-field_8_3\" name=\"wpforms[fields][8]\" value=\"AJ Tower\" aria-errormessage=\"wpforms-45-field_8_3-error\"  ><label class=\"wpforms-field-label-inline\" for=\"wpforms-45-field_8_3\">AJ Tower<\/label><\/li><li class=\"choice-2 depth-1\"><input type=\"radio\" id=\"wpforms-45-field_8_2\" name=\"wpforms[fields][8]\" value=\"La Divisa\" aria-errormessage=\"wpforms-45-field_8_2-error\"  ><label class=\"wpforms-field-label-inline\" for=\"wpforms-45-field_8_2\">La Divisa<\/label><\/li><li class=\"choice-4 depth-1\"><input type=\"radio\" id=\"wpforms-45-field_8_4\" name=\"wpforms[fields][8]\" value=\"Isentinel\" aria-errormessage=\"wpforms-45-field_8_4-error\"  ><label class=\"wpforms-field-label-inline\" for=\"wpforms-45-field_8_4\">Isentinel<\/label><\/li><li class=\"choice-5 depth-1\"><input type=\"radio\" id=\"wpforms-45-field_8_5\" name=\"wpforms[fields][8]\" value=\"Inmobiliaria Los Guris\" aria-errormessage=\"wpforms-45-field_8_5-error\"  ><label class=\"wpforms-field-label-inline\" for=\"wpforms-45-field_8_5\">Inmobiliaria Los Guris<\/label><\/li><li class=\"choice-6 depth-1\"><input type=\"radio\" id=\"wpforms-45-field_8_6\" name=\"wpforms[fields][8]\" value=\"Transtor\" aria-errormessage=\"wpforms-45-field_8_6-error\"  ><label class=\"wpforms-field-label-inline\" for=\"wpforms-45-field_8_6\">Transtor<\/label><\/li><\/ul><\/fieldset><\/div><div id=\"wpforms-45-field_5-container\" class=\"wpforms-field wpforms-field-text\" data-field-id=\"5\"><label class=\"wpforms-field-label\" for=\"wpforms-45-field_5\">Nombre del  Denunciado <span class=\"wpforms-required-label\" aria-hidden=\"true\">*<\/span><\/label><input type=\"text\" id=\"wpforms-45-field_5\" class=\"wpforms-field-medium wpforms-field-required\" name=\"wpforms[fields][5]\" aria-errormessage=\"wpforms-45-field_5-error\" required><\/div><div id=\"wpforms-45-field_7-container\" class=\"wpforms-field wpforms-field-radio\" data-field-id=\"7\"><fieldset><legend class=\"wpforms-field-label\">Tipo de Denuncia <span class=\"wpforms-required-label\" aria-hidden=\"true\">*<\/span><\/legend><ul id=\"wpforms-45-field_7\" class=\"wpforms-field-required\"><li class=\"choice-1 depth-1\"><input type=\"radio\" id=\"wpforms-45-field_7_1\" name=\"wpforms[fields][7]\" value=\"Acoso Laboral\" aria-errormessage=\"wpforms-45-field_7_1-error\" required ><label class=\"wpforms-field-label-inline\" for=\"wpforms-45-field_7_1\">Acoso Laboral<\/label><\/li><li class=\"choice-2 depth-1\"><input type=\"radio\" id=\"wpforms-45-field_7_2\" name=\"wpforms[fields][7]\" value=\"Acoso Sexual\" aria-errormessage=\"wpforms-45-field_7_2-error\" required ><label class=\"wpforms-field-label-inline\" for=\"wpforms-45-field_7_2\">Acoso Sexual<\/label><\/li><li class=\"choice-3 depth-1\"><input type=\"radio\" id=\"wpforms-45-field_7_3\" name=\"wpforms[fields][7]\" value=\"Violencia en el trabajo\" aria-errormessage=\"wpforms-45-field_7_3-error\" required ><label class=\"wpforms-field-label-inline\" for=\"wpforms-45-field_7_3\">Violencia en el trabajo<\/label><\/li><\/ul><\/fieldset><\/div>\t\t<div id=\"wpforms-45-field_4-container\"\n\t\t\tclass=\"wpforms-field wpforms-field-text\"\n\t\t\tdata-field-type=\"text\"\n\t\t\tdata-field-id=\"4\"\n\t\t\t>\n\t\t\t<label class=\"wpforms-field-label\" for=\"wpforms-45-field_4\" >Correo del Tipo<\/label>\n\t\t\t<input type=\"text\" id=\"wpforms-45-field_4\" class=\"wpforms-field-medium\" name=\"wpforms[fields][4]\" >\n\t\t<\/div>\n\t\t<div id=\"wpforms-45-field_3-container\" class=\"wpforms-field wpforms-field-textarea\" data-field-id=\"3\"><label class=\"wpforms-field-label\" for=\"wpforms-45-field_3\">Explique el motivo de la denuncia <span class=\"wpforms-required-label\" aria-hidden=\"true\">*<\/span><\/label><textarea id=\"wpforms-45-field_3\" class=\"wpforms-field-medium wpforms-field-required\" name=\"wpforms[fields][3]\" aria-errormessage=\"wpforms-45-field_3-error\" required><\/textarea><\/div><script>\n\t\t\t\t( function() {\n\t\t\t\t\tconst style = document.createElement( 'style' );\n\t\t\t\t\tstyle.appendChild( document.createTextNode( '#wpforms-45-field_4-container { position: absolute !important; overflow: hidden !important; display: inline !important; height: 1px !important; width: 1px !important; z-index: -1000 !important; padding: 0 !important; } #wpforms-45-field_4-container input { visibility: hidden; } #wpforms-conversational-form-page #wpforms-45-field_4-container label { counter-increment: none; }' ) );\n\t\t\t\t\tdocument.head.appendChild( style );\n\t\t\t\t\tdocument.currentScript?.remove();\n\t\t\t\t} )();\n\t\t\t<\/script><\/div><!-- .wpforms-field-container --><div class=\"wpforms-submit-container\" ><input type=\"hidden\" name=\"wpforms[id]\" value=\"45\"><input type=\"hidden\" name=\"page_title\" value=\"\"><input type=\"hidden\" name=\"page_url\" value=\"https:\/\/www.aj.cl\/intranet\/wp-json\/wp\/v2\/pages\/48\"><input type=\"hidden\" name=\"url_referer\" value=\"\"><button type=\"submit\" name=\"wpforms[submit]\" id=\"wpforms-submit-45\" class=\"wpforms-submit\" data-alt-text=\"Enviando\" data-submit-text=\"Enviar\" aria-live=\"assertive\" value=\"wpforms-submit\">Enviar<\/button><img decoding=\"async\" src=\"https:\/\/www.aj.cl\/intranet\/wp-content\/plugins\/wpforms-lite\/assets\/images\/submit-spin.svg\" class=\"wpforms-submit-spinner\" style=\"display: none;\" width=\"26\" height=\"26\" alt=\"Cargando\"><\/div><\/form><\/div>  <!-- .wpforms-container --><\/div>\n<\/div>\n","protected":false},"excerpt":{"rendered":"<p>Mediante esta v\u00eda usted como trabajador podr\u00e1 dejar constancia de alguna situaci\u00f3n que le haya resultado incomoda o bien se haya sentido menoscabado o abusado de alguna manera. Como gu\u00eda r\u00e1pida para este formulario solo debe saber 3 cosas: Para tu tranquilidad como trabajador, este formulario solo ser\u00e1 revisado por personas competentes de la empresa&#8230;<\/p>\n","protected":false},"author":1,"featured_media":0,"parent":204,"menu_order":0,"comment_status":"closed","ping_status":"closed","template":"","meta":{"footnotes":""},"class_list":["post-48","page","type-page","status-publish","hentry"],"_links":{"self":[{"href":"https:\/\/www.aj.cl\/intranet\/wp-json\/wp\/v2\/pages\/48","targetHints":{"allow":["GET"]}}],"collection":[{"href":"https:\/\/www.aj.cl\/intranet\/wp-json\/wp\/v2\/pages"}],"about":[{"href":"https:\/\/www.aj.cl\/intranet\/wp-json\/wp\/v2\/types\/page"}],"author":[{"embeddable":true,"href":"https:\/\/www.aj.cl\/intranet\/wp-json\/wp\/v2\/users\/1"}],"replies":[{"embeddable":true,"href":"https:\/\/www.aj.cl\/intranet\/wp-json\/wp\/v2\/comments?post=48"}],"version-history":[{"count":7,"href":"https:\/\/www.aj.cl\/intranet\/wp-json\/wp\/v2\/pages\/48\/revisions"}],"predecessor-version":[{"id":375,"href":"https:\/\/www.aj.cl\/intranet\/wp-json\/wp\/v2\/pages\/48\/revisions\/375"}],"up":[{"embeddable":true,"href":"https:\/\/www.aj.cl\/intranet\/wp-json\/wp\/v2\/pages\/204"}],"wp:attachment":[{"href":"https:\/\/www.aj.cl\/intranet\/wp-json\/wp\/v2\/media?parent=48"}],"curies":[{"name":"wp","href":"https:\/\/api.w.org\/{rel}","templated":true}]}}