{"id":831,"date":"2025-11-25T12:54:55","date_gmt":"2025-11-25T15:54:55","guid":{"rendered":"https:\/\/www.aj.cl\/intranet\/?page_id=831"},"modified":"2026-04-09T16:03:20","modified_gmt":"2026-04-09T19:03:20","slug":"canal-de-denuncias-y-consultas","status":"publish","type":"page","link":"https:\/\/www.aj.cl\/intranet\/canal-de-denuncias-y-consultas\/","title":{"rendered":"Canal de Denuncias y Consultas"},"content":{"rendered":"\t\t<div data-elementor-type=\"wp-page\" data-elementor-id=\"831\" class=\"elementor elementor-831\">\n\t\t\t\t<div class=\"elementor-element elementor-element-b97843b e-flex e-con-boxed e-con e-parent\" data-id=\"b97843b\" data-element_type=\"container\">\n\t\t\t\t\t<div class=\"e-con-inner\">\n\t\t\t\t<div class=\"elementor-element elementor-element-0b55b15 elementor-widget elementor-widget-text-editor\" data-id=\"0b55b15\" data-element_type=\"widget\" data-widget_type=\"text-editor.default\">\n\t\t\t\t<div class=\"elementor-widget-container\">\n\t\t\t<style>\/*! elementor - v3.23.0 - 05-08-2024 *\/\n.elementor-widget-text-editor.elementor-drop-cap-view-stacked .elementor-drop-cap{background-color:#69727d;color:#fff}.elementor-widget-text-editor.elementor-drop-cap-view-framed .elementor-drop-cap{color:#69727d;border:3px solid;background-color:transparent}.elementor-widget-text-editor:not(.elementor-drop-cap-view-default) .elementor-drop-cap{margin-top:8px}.elementor-widget-text-editor:not(.elementor-drop-cap-view-default) .elementor-drop-cap-letter{width:1em;height:1em}.elementor-widget-text-editor .elementor-drop-cap{float:left;text-align:center;line-height:1;font-size:50px}.elementor-widget-text-editor .elementor-drop-cap-letter{display:inline-block}<\/style>\t\t\t\t<p>En el marco de la implementaci\u00f3n del manual de prevenci\u00f3n del delito en AJ y sus sociedades relacionadas operativas, la empresa pone a disposici\u00f3n de sus colaboradores el siguiente formulario que deber\u00e1 ser enviado al <strong>Encargado de Prevenci\u00f3n del Delito<\/strong>. El formulario est\u00e1 dise\u00f1ado para permitir tanto denuncias como consultas y deja expresamente establecido que las comunicaciones pueden realizarse en forma an\u00f3nima.\u00a0<\/p>\t\t\t\t\t\t<\/div>\n\t\t\t\t<\/div>\n\t\t\t\t\t<\/div>\n\t\t\t\t<\/div>\n\t\t<div class=\"elementor-element elementor-element-d078fe9 e-flex e-con-boxed e-con e-parent\" data-id=\"d078fe9\" data-element_type=\"container\">\n\t\t\t\t\t<div class=\"e-con-inner\">\n\t\t\t\t<div class=\"elementor-element elementor-element-4bdd692 elementor-widget elementor-widget-wpforms\" data-id=\"4bdd692\" data-element_type=\"widget\" data-widget_type=\"wpforms.default\">\n\t\t\t\t<div class=\"elementor-widget-container\">\n\t\t\t<div class=\"wpforms-container wpforms-container-full wpforms-render-modern\" id=\"wpforms-837\"><form id=\"wpforms-form-837\" class=\"wpforms-validate wpforms-form wpforms-ajax-form\" data-formid=\"837\" method=\"post\" enctype=\"multipart\/form-data\" action=\"\/intranet\/wp-json\/wp\/v2\/pages\/831\" data-token=\"bc935891c3fe7cf62e08ebf7b58d44a0\" data-token-time=\"1776223112\"><noscript class=\"wpforms-error-noscript\">Por favor, activa JavaScript en tu navegador para completar este formulario.<\/noscript><div id=\"wpforms-error-noscript\" style=\"display: none;\">Por favor, activa JavaScript en tu navegador para completar este formulario.<\/div><div class=\"wpforms-field-container\"><div id=\"wpforms-837-field_36-container\" class=\"wpforms-field wpforms-field-text\" data-field-id=\"36\"><input type=\"text\" id=\"wpforms-837-field_36\" class=\"wpforms-field-large\" name=\"wpforms[fields][36]\" value=\"I. TIPO DE COMUNICACI\u00d3N Y ANONIMATO.\" placeholder=\"I. TIPO DE COMUNICACI\u00d3N Y ANONIMATO.\" aria-errormessage=\"wpforms-837-field_36-error\" ><\/div><div id=\"wpforms-837-field_33-container\" class=\"wpforms-field wpforms-field-radio wpforms-two-thirds\" data-field-id=\"33\"><fieldset><legend class=\"wpforms-field-label\">Tipo de comunicaci\u00f3n (marque una opci\u00f3n):<\/legend><ul id=\"wpforms-837-field_33\"><li class=\"choice-1 depth-1\"><input type=\"radio\" id=\"wpforms-837-field_33_1\" name=\"wpforms[fields][33]\" value=\"Denuncia (reporte de hechos o conductas irregulares o il\u00edcitas)\" aria-errormessage=\"wpforms-837-field_33_1-error\"  ><label class=\"wpforms-field-label-inline\" for=\"wpforms-837-field_33_1\">Denuncia (reporte de hechos o conductas irregulares o il\u00edcitas)<\/label><\/li><li class=\"choice-2 depth-1\"><input type=\"radio\" id=\"wpforms-837-field_33_2\" name=\"wpforms[fields][33]\" value=\"Consulta al Encargado de Prevenci\u00f3n del Delito\" aria-errormessage=\"wpforms-837-field_33_2-error\"  ><label class=\"wpforms-field-label-inline\" for=\"wpforms-837-field_33_2\">Consulta al Encargado de Prevenci\u00f3n del Delito<\/label><\/li><\/ul><\/fieldset><\/div><div id=\"wpforms-837-field_34-container\" class=\"wpforms-field wpforms-field-radio\" data-field-id=\"34\"><fieldset><legend class=\"wpforms-field-label\">\u00bfDesea que su denuncia o consulta sea an\u00f3nima? (marque una opci\u00f3n):<\/legend><ul id=\"wpforms-837-field_34\"><li class=\"choice-1 depth-1\"><input type=\"radio\" id=\"wpforms-837-field_34_1\" name=\"wpforms[fields][34]\" value=\"S\u00ed, deseo permanecer an\u00f3nimo\/a\" aria-errormessage=\"wpforms-837-field_34_1-error\"  ><label class=\"wpforms-field-label-inline\" for=\"wpforms-837-field_34_1\">S\u00ed, deseo permanecer an\u00f3nimo\/a<\/label><\/li><li class=\"choice-2 depth-1\"><input type=\"radio\" id=\"wpforms-837-field_34_2\" name=\"wpforms[fields][34]\" value=\"No, autorizo a AJ a contactarme para aclarar antecedentes o informar resultados\" aria-errormessage=\"wpforms-837-field_34_2-error\"  ><label class=\"wpforms-field-label-inline\" for=\"wpforms-837-field_34_2\">No, autorizo a AJ a contactarme para aclarar antecedentes o informar resultados<\/label><\/li><\/ul><\/fieldset><\/div><div id=\"wpforms-837-field_37-container\" class=\"wpforms-field wpforms-field-text\" data-field-id=\"37\"><input type=\"text\" id=\"wpforms-837-field_37\" class=\"wpforms-field-large wpforms-masked-input\" data-rule-inputmask-incomplete=\"1\" data-inputmask-mask=\"II. DATOS DEL DENUNCIANTE \/ CONSULTANTE (OPCIONALES)\" name=\"wpforms[fields][37]\" value=\"II. DATOS DEL DENUNCIANTE \/ CONSULTANTE (OPCIONALES)\" placeholder=\"I. TIPO DE COMUNICACI\u00d3N Y ANONIMATO.\" aria-errormessage=\"wpforms-837-field_37-error\" ><\/div>\t\t<div id=\"wpforms-837-field_1-container\"\n\t\t\tclass=\"wpforms-field wpforms-field-text\"\n\t\t\tdata-field-type=\"text\"\n\t\t\tdata-field-id=\"1\"\n\t\t\t>\n\t\t\t<label class=\"wpforms-field-label\" for=\"wpforms-837-field_1\" >si de en<\/label>\n\t\t\t<input type=\"text\" id=\"wpforms-837-field_1\" class=\"wpforms-field-medium\" name=\"wpforms[fields][1]\" >\n\t\t<\/div>\n\t\t<div id=\"wpforms-837-field_10-container\" class=\"wpforms-field wpforms-field-name\" data-field-id=\"10\"><fieldset><legend class=\"wpforms-field-label\">Complete esta secci\u00f3n s\u00f3lo si desea identificarse y\/o recibir respuesta directa. En caso de denuncia o consulta an\u00f3nima, deje todos estos campos en blanco<\/legend><div class=\"wpforms-field-row wpforms-field-medium\"><div class=\"wpforms-field-row-block wpforms-first wpforms-one-half\"><input type=\"text\" id=\"wpforms-837-field_10\" class=\"wpforms-field-name-first\" name=\"wpforms[fields][10][first]\" aria-errormessage=\"wpforms-837-field_10-error\" ><label for=\"wpforms-837-field_10\" class=\"wpforms-field-sublabel after\">Nombre<\/label><\/div><div class=\"wpforms-field-row-block wpforms-one-half\"><input type=\"text\" id=\"wpforms-837-field_10-last\" class=\"wpforms-field-name-last\" name=\"wpforms[fields][10][last]\" aria-errormessage=\"wpforms-837-field_10-last-error\" ><label for=\"wpforms-837-field_10-last\" class=\"wpforms-field-sublabel after\">Apellidos<\/label><\/div><\/div><\/fieldset><\/div><div id=\"wpforms-837-field_43-container\" class=\"wpforms-field wpforms-field-text\" data-field-id=\"43\"><label class=\"wpforms-field-label\" for=\"wpforms-837-field_43\">RUT \/ N\u00b0 de identificaci\u00f3n (opcional)<\/label><input type=\"text\" id=\"wpforms-837-field_43\" class=\"wpforms-field-medium\" name=\"wpforms[fields][43]\" value=\"00.000.000-0\" aria-errormessage=\"wpforms-837-field_43-error\" ><\/div><div id=\"wpforms-837-field_12-container\" class=\"wpforms-field wpforms-field-text\" data-field-id=\"12\"><label class=\"wpforms-field-label\" for=\"wpforms-837-field_12\">Relaci\u00f3n con AJ (opcional: trabajador, ex trabajador, proveedor, cliente, comunidad u otro)<\/label><input type=\"text\" id=\"wpforms-837-field_12\" class=\"wpforms-field-medium\" name=\"wpforms[fields][12]\" aria-errormessage=\"wpforms-837-field_12-error\" ><\/div><div id=\"wpforms-837-field_13-container\" class=\"wpforms-field wpforms-field-email\" data-field-id=\"13\"><label class=\"wpforms-field-label\" for=\"wpforms-837-field_13\">Correo electr\u00f3nico de contacto (opcional)<\/label><input type=\"email\" id=\"wpforms-837-field_13\" class=\"wpforms-field-medium\" name=\"wpforms[fields][13]\" spellcheck=\"false\" aria-errormessage=\"wpforms-837-field_13-error\" ><\/div><div id=\"wpforms-837-field_14-container\" class=\"wpforms-field wpforms-field-number\" data-field-id=\"14\"><label class=\"wpforms-field-label\" for=\"wpforms-837-field_14\">Tel\u00e9fono de contacto (opcional)<\/label><input type=\"number\" id=\"wpforms-837-field_14\" class=\"wpforms-field-medium\" name=\"wpforms[fields][14]\" step=\"any\" aria-errormessage=\"wpforms-837-field_14-error\" ><\/div><div id=\"wpforms-837-field_15-container\" class=\"wpforms-field wpforms-field-text\" data-field-id=\"15\"><label class=\"wpforms-field-label\" for=\"wpforms-837-field_15\">Empresa, \u00e1rea o proyecto relacionado (opcional)<\/label><input type=\"text\" id=\"wpforms-837-field_15\" class=\"wpforms-field-medium\" name=\"wpforms[fields][15]\" aria-errormessage=\"wpforms-837-field_15-error\" ><\/div><div id=\"wpforms-837-field_38-container\" class=\"wpforms-field wpforms-field-text\" data-field-id=\"38\"><input type=\"text\" id=\"wpforms-837-field_38\" class=\"wpforms-field-large wpforms-masked-input\" data-rule-inputmask-incomplete=\"1\" data-inputmask-mask=\"III. ANTECEDENTES DEL HECHO O MATERIA DE LA DENUNCIA \/ CONSULTA\" name=\"wpforms[fields][38]\" value=\"III. ANTECEDENTES DEL HECHO O MATERIA DE LA DENUNCIA \/ CONSULTA\" placeholder=\"III. ANTECEDENTES DEL HECHO O MATERIA DE LA DENUNCIA \/ CONSULTA\" aria-errormessage=\"wpforms-837-field_38-error\" ><\/div><div id=\"wpforms-837-field_17-container\" class=\"wpforms-field wpforms-field-text\" data-field-id=\"17\"><label class=\"wpforms-field-label\" for=\"wpforms-837-field_17\">Fecha de la denuncia o consulta<\/label><input type=\"text\" id=\"wpforms-837-field_17\" class=\"wpforms-field-medium\" name=\"wpforms[fields][17]\" aria-errormessage=\"wpforms-837-field_17-error\" ><\/div><div id=\"wpforms-837-field_18-container\" class=\"wpforms-field wpforms-field-text\" data-field-id=\"18\"><label class=\"wpforms-field-label\" for=\"wpforms-837-field_18\">Fecha(s) del hecho, incidente o situaci\u00f3n denunciada (si aplica)<\/label><input type=\"text\" id=\"wpforms-837-field_18\" class=\"wpforms-field-medium\" name=\"wpforms[fields][18]\" aria-errormessage=\"wpforms-837-field_18-error\" ><\/div><div id=\"wpforms-837-field_19-container\" class=\"wpforms-field wpforms-field-text\" data-field-id=\"19\"><label class=\"wpforms-field-label\" for=\"wpforms-837-field_19\">Lugar o \u00e1rea donde ocurrieron los hechos (obra, faena, oficina, proyecto, etc.), si corresponde<\/label><input type=\"text\" id=\"wpforms-837-field_19\" class=\"wpforms-field-medium\" name=\"wpforms[fields][19]\" aria-errormessage=\"wpforms-837-field_19-error\" ><\/div><div id=\"wpforms-837-field_44-container\" class=\"wpforms-field wpforms-field-radio\" data-field-id=\"44\"><fieldset><legend class=\"wpforms-field-label\">\u00bfEl hecho contin\u00faa ocurriendo? (si corresponde)<\/legend><ul id=\"wpforms-837-field_44\"><li class=\"choice-1 depth-1\"><input type=\"radio\" id=\"wpforms-837-field_44_1\" name=\"wpforms[fields][44]\" value=\"S\u00ed\" aria-errormessage=\"wpforms-837-field_44_1-error\"  ><label class=\"wpforms-field-label-inline\" for=\"wpforms-837-field_44_1\">S\u00ed<\/label><\/li><li class=\"choice-2 depth-1\"><input type=\"radio\" id=\"wpforms-837-field_44_2\" name=\"wpforms[fields][44]\" value=\"No\" aria-errormessage=\"wpforms-837-field_44_2-error\"  ><label class=\"wpforms-field-label-inline\" for=\"wpforms-837-field_44_2\">No<\/label><\/li><li class=\"choice-3 depth-1\"><input type=\"radio\" id=\"wpforms-837-field_44_3\" name=\"wpforms[fields][44]\" value=\"No aplica (solo consulta)\" aria-errormessage=\"wpforms-837-field_44_3-error\"  ><label class=\"wpforms-field-label-inline\" for=\"wpforms-837-field_44_3\">No aplica (solo consulta)<\/label><\/li><\/ul><\/fieldset><\/div><div id=\"wpforms-837-field_21-container\" class=\"wpforms-field wpforms-field-text\" data-field-id=\"21\"><label class=\"wpforms-field-label\" for=\"wpforms-837-field_21\">Personas, cargos o \u00e1reas involucradas (si las conoce y si corresponde)<\/label><input type=\"text\" id=\"wpforms-837-field_21\" class=\"wpforms-field-medium\" name=\"wpforms[fields][21]\" aria-errormessage=\"wpforms-837-field_21-error\" ><\/div><div id=\"wpforms-837-field_22-container\" class=\"wpforms-field wpforms-field-text\" data-field-id=\"22\"><label class=\"wpforms-field-label\" for=\"wpforms-837-field_22\">Tipo de conducta o materia principal (si lo sabe): por ejemplo, soborno\/cohecho, fraude, administraci\u00f3n desleal, uso indebido de informaci\u00f3n, acoso laboral o sexual, seguridad y salud en el trabajo, medio ambiente, otros; o bien, tema espec\u00edfico sobre el que desea hacer una consulta<\/label><input type=\"text\" id=\"wpforms-837-field_22\" class=\"wpforms-field-medium\" name=\"wpforms[fields][22]\" aria-errormessage=\"wpforms-837-field_22-error\" ><\/div><div id=\"wpforms-837-field_39-container\" class=\"wpforms-field wpforms-field-text\" data-field-id=\"39\"><input type=\"text\" id=\"wpforms-837-field_39\" class=\"wpforms-field-large wpforms-masked-input\" data-rule-inputmask-incomplete=\"1\" data-inputmask-mask=\"IV. DESCRIPCI\u00d3N DETALLADA\" name=\"wpforms[fields][39]\" value=\"IV. DESCRIPCI\u00d3N DETALLADA\" placeholder=\"IV. DESCRIPCI\u00d3N DETALLADA\" aria-errormessage=\"wpforms-837-field_39-error\" ><\/div><div id=\"wpforms-837-field_23-container\" class=\"wpforms-field wpforms-field-textarea\" data-field-id=\"23\"><label class=\"wpforms-field-label\" for=\"wpforms-837-field_23\">En caso de DENUNCIA: describa con el mayor detalle posible los hechos que fundamentan su denuncia: \u00bfqu\u00e9 ocurri\u00f3?, \u00bfcu\u00e1ndo?, \u00bfd\u00f3nde?, \u00bfc\u00f3mo?, \u00bfqui\u00e9nes participaron?, \u00bfexisten testigos?, \u00bfha ocurrido antes?, etc.<\/label><textarea id=\"wpforms-837-field_23\" class=\"wpforms-field-medium\" name=\"wpforms[fields][23]\" aria-errormessage=\"wpforms-837-field_23-error\" ><\/textarea><\/div><div id=\"wpforms-837-field_24-container\" class=\"wpforms-field wpforms-field-textarea\" data-field-id=\"24\"><label class=\"wpforms-field-label\" for=\"wpforms-837-field_24\">En caso de CONSULTA: explique claramente su duda, contexto y cualquier antecedente que considere relevante para que el Encargado de Prevenci\u00f3n del Delito pueda orientarle adecuadamente<\/label><textarea id=\"wpforms-837-field_24\" class=\"wpforms-field-medium\" name=\"wpforms[fields][24]\" aria-errormessage=\"wpforms-837-field_24-error\" ><\/textarea><\/div><div id=\"wpforms-837-field_25-container\" class=\"wpforms-field wpforms-field-textarea\" data-field-id=\"25\"><label class=\"wpforms-field-label\" for=\"wpforms-837-field_25\">Testigos u otras personas que puedan aportar antecedentes (nombre o cargo, si los conoce)<\/label><textarea id=\"wpforms-837-field_25\" class=\"wpforms-field-medium\" name=\"wpforms[fields][25]\" aria-errormessage=\"wpforms-837-field_25-error\" ><\/textarea><\/div><div id=\"wpforms-837-field_26-container\" class=\"wpforms-field wpforms-field-textarea\" data-field-id=\"26\"><label class=\"wpforms-field-label\" for=\"wpforms-837-field_26\">Documentos, correos electr\u00f3nicos, fotograf\u00edas u otros antecedentes que adjunta o que podr\u00edan obtenerse (indique cu\u00e1les y c\u00f3mo se pueden obtener)<\/label><textarea id=\"wpforms-837-field_26\" class=\"wpforms-field-medium\" name=\"wpforms[fields][26]\" aria-errormessage=\"wpforms-837-field_26-error\" ><\/textarea><\/div><div id=\"wpforms-837-field_27-container\" class=\"wpforms-field wpforms-field-textarea\" data-field-id=\"27\"><label class=\"wpforms-field-label\" for=\"wpforms-837-field_27\">\u00bfHa informado esta situaci\u00f3n a otra persona o entidad (jefatura, RRHH, mandante, autoridad p\u00fablica, etc.)? En caso afirmativo, indique a qui\u00e9n, cu\u00e1ndo y el resultado (si lo hubiera)<\/label><textarea id=\"wpforms-837-field_27\" class=\"wpforms-field-medium\" name=\"wpforms[fields][27]\" aria-errormessage=\"wpforms-837-field_27-error\" ><\/textarea><\/div><div id=\"wpforms-837-field_40-container\" class=\"wpforms-field wpforms-field-text\" data-field-id=\"40\"><input type=\"text\" id=\"wpforms-837-field_40\" class=\"wpforms-field-large wpforms-masked-input\" data-rule-inputmask-incomplete=\"1\" data-inputmask-mask=\"V. SEGUIMIENTO Y CONFIDENCIALIDAD\" name=\"wpforms[fields][40]\" value=\"V. SEGUIMIENTO Y CONFIDENCIALIDAD\" placeholder=\"V. SEGUIMIENTO Y CONFIDENCIALIDAD\" aria-errormessage=\"wpforms-837-field_40-error\" aria-describedby=\"wpforms-837-field_40-description\" ><div id=\"wpforms-837-field_40-description\" class=\"wpforms-field-description\">AJ Ingenieros S.A. garantiza la confidencialidad de la informaci\u00f3n entregada y el resguardo de los datos personales\nconforme a la normativa vigente. La identidad del denunciante o consultante solo ser\u00e1 conocida por el Encargado\nde Prevenci\u00f3n del Delito y\/o el equipo que \u00e9ste designe, salvo obligaci\u00f3n legal distinta.\nSi usted entreg\u00f3 datos de contacto, el Encargado de Prevenci\u00f3n del Delito o el \u00e1rea de Compliance podr\u00e1\ncomunicarse para solicitar informaci\u00f3n adicional y\/o informar, en t\u00e9rminos generales, del estado de la denuncia o\npara responder su consulta, en la medida en que ello no afecte la investigaci\u00f3n ni la confidencialidad.<\/div><\/div><div id=\"wpforms-837-field_29-container\" class=\"wpforms-field wpforms-field-email wpforms-field-readonly\" data-field-id=\"29\"><label class=\"wpforms-field-label\" for=\"wpforms-837-field_29\">Correo de contacto del Canal de Denuncias\/Consultas (AJ)<\/label><input type=\"email\" id=\"wpforms-837-field_29\" class=\"wpforms-field-medium\" name=\"wpforms[fields][29]\" value=\"denuncia_epd@aj.cl\" spellcheck=\"false\" aria-errormessage=\"wpforms-837-field_29-error\" ><\/div><div id=\"wpforms-837-field_30-container\" class=\"wpforms-field wpforms-field-text\" data-field-id=\"30\"><label class=\"wpforms-field-label\" for=\"wpforms-837-field_30\">Otros medios de contacto (opcional)<\/label><input type=\"text\" id=\"wpforms-837-field_30\" class=\"wpforms-field-medium\" name=\"wpforms[fields][30]\" aria-errormessage=\"wpforms-837-field_30-error\" ><\/div><div id=\"wpforms-837-field_32-container\" class=\"wpforms-field wpforms-field-text\" data-field-id=\"32\"><label class=\"wpforms-field-label\" for=\"wpforms-837-field_32\">Fecha<\/label><input type=\"text\" id=\"wpforms-837-field_32\" class=\"wpforms-field-medium\" name=\"wpforms[fields][32]\" aria-errormessage=\"wpforms-837-field_32-error\" ><\/div><script>\n\t\t\t\t( function() {\n\t\t\t\t\tconst style = document.createElement( 'style' );\n\t\t\t\t\tstyle.appendChild( document.createTextNode( '#wpforms-837-field_1-container { position: absolute !important; overflow: hidden !important; display: inline !important; height: 1px !important; width: 1px !important; z-index: -1000 !important; padding: 0 !important; } #wpforms-837-field_1-container input { visibility: hidden; } #wpforms-conversational-form-page #wpforms-837-field_1-container label { counter-increment: none; }' ) );\n\t\t\t\t\tdocument.head.appendChild( style );\n\t\t\t\t\tdocument.currentScript?.remove();\n\t\t\t\t} )();\n\t\t\t<\/script><\/div><!-- .wpforms-field-container --><div class=\"wpforms-submit-container\" ><input type=\"hidden\" name=\"wpforms[id]\" value=\"837\"><input type=\"hidden\" name=\"page_title\" value=\"\"><input type=\"hidden\" name=\"page_url\" value=\"https:\/\/www.aj.cl\/intranet\/wp-json\/wp\/v2\/pages\/831\"><input type=\"hidden\" name=\"url_referer\" value=\"\"><button type=\"submit\" name=\"wpforms[submit]\" id=\"wpforms-submit-837\" class=\"wpforms-submit\" data-alt-text=\"Enviando...\" data-submit-text=\"Enviar\" aria-live=\"assertive\" value=\"wpforms-submit\">Enviar<\/button><img decoding=\"async\" src=\"https:\/\/www.aj.cl\/intranet\/wp-content\/plugins\/wpforms-lite\/assets\/images\/submit-spin.svg\" class=\"wpforms-submit-spinner\" style=\"display: none;\" width=\"26\" height=\"26\" alt=\"Cargando\"><\/div><\/form><\/div>  <!-- .wpforms-container -->\t\t<\/div>\n\t\t\t\t<\/div>\n\t\t\t\t\t<\/div>\n\t\t\t\t<\/div>\n\t\t\t\t<\/div>\n\t\t","protected":false},"excerpt":{"rendered":"<p>En el marco de la implementaci\u00f3n del manual de prevenci\u00f3n del delito en AJ y sus sociedades relacionadas operativas, la empresa pone a disposici\u00f3n de sus colaboradores el siguiente formulario que deber\u00e1 ser enviado al Encargado de Prevenci\u00f3n del Delito. El formulario est\u00e1 dise\u00f1ado para permitir tanto denuncias como consultas y deja expresamente establecido que&#8230;<\/p>\n","protected":false},"author":1,"featured_media":0,"parent":0,"menu_order":0,"comment_status":"closed","ping_status":"closed","template":"","meta":{"footnotes":""},"class_list":["post-831","page","type-page","status-publish","hentry"],"_links":{"self":[{"href":"https:\/\/www.aj.cl\/intranet\/wp-json\/wp\/v2\/pages\/831","targetHints":{"allow":["GET"]}}],"collection":[{"href":"https:\/\/www.aj.cl\/intranet\/wp-json\/wp\/v2\/pages"}],"about":[{"href":"https:\/\/www.aj.cl\/intranet\/wp-json\/wp\/v2\/types\/page"}],"author":[{"embeddable":true,"href":"https:\/\/www.aj.cl\/intranet\/wp-json\/wp\/v2\/users\/1"}],"replies":[{"embeddable":true,"href":"https:\/\/www.aj.cl\/intranet\/wp-json\/wp\/v2\/comments?post=831"}],"version-history":[{"count":47,"href":"https:\/\/www.aj.cl\/intranet\/wp-json\/wp\/v2\/pages\/831\/revisions"}],"predecessor-version":[{"id":963,"href":"https:\/\/www.aj.cl\/intranet\/wp-json\/wp\/v2\/pages\/831\/revisions\/963"}],"wp:attachment":[{"href":"https:\/\/www.aj.cl\/intranet\/wp-json\/wp\/v2\/media?parent=831"}],"curies":[{"name":"wp","href":"https:\/\/api.w.org\/{rel}","templated":true}]}}